{"id":4,"date":"2013-07-24T14:09:38","date_gmt":"2013-07-24T14:09:38","guid":{"rendered":"http:\/\/localhost\/eventos\/?page_id=4"},"modified":"2022-07-27T15:31:25","modified_gmt":"2022-07-27T18:31:25","slug":"sobre-o-evento","status":"publish","type":"page","link":"https:\/\/enfrentamentocovid.crp.ufv.br\/","title":{"rendered":"Apresenta\u00e7\u00e3o"},"content":{"rendered":"<p style=\"text-align: center;\"><img loading=\"lazy\" decoding=\"async\" class=\"aligncenter wp-image-1629 size-large\" src=\"https:\/\/enfrentamentocovid.crp.ufv.br\/wp-content\/uploads\/2013\/07\/7a5ac5b8-a687-4258-a4bd-dce31aff8794-1024x768.jpg\" width=\"584\" height=\"438\" srcset=\"https:\/\/enfrentamentocovid.crp.ufv.br\/wp-content\/uploads\/2013\/07\/7a5ac5b8-a687-4258-a4bd-dce31aff8794.jpg 1024w, https:\/\/enfrentamentocovid.crp.ufv.br\/wp-content\/uploads\/2013\/07\/7a5ac5b8-a687-4258-a4bd-dce31aff8794-300x225.jpg 300w, https:\/\/enfrentamentocovid.crp.ufv.br\/wp-content\/uploads\/2013\/07\/7a5ac5b8-a687-4258-a4bd-dce31aff8794-768x576.jpg 768w, https:\/\/enfrentamentocovid.crp.ufv.br\/wp-content\/uploads\/2013\/07\/7a5ac5b8-a687-4258-a4bd-dce31aff8794-400x300.jpg 400w\" sizes=\"auto, (max-width: 584px) 100vw, 584px\" \/><br \/>\nHomenagem \u00e0 comunidade acad\u00eamica que, unida, enfrentou a pandemia da Covid-19 e superou os desafios.<br \/>\nNosso especial reconhecimento e gratid\u00e3o a todos os apoiadores e servidores que empenharam tempo,<br \/>\nconhecimento e amor em a\u00e7\u00f5es em benef\u00edcio de toda\u00a0a\u00a0sociedade.<\/p>\n<p style=\"text-align: center;\"><a href=\"https:\/\/enfrentamentocovid.crp.ufv.br\/?page_id=1270\">Realiza\u00e7\u00e3o dos testes RT-PCR<\/a><br \/>\n<a href=\"https:\/\/enfrentamentocovid.crp.ufv.br\/?page_id=1264\">Face Shields<\/a><br \/>\n<a href=\"https:\/\/enfrentamentocovid.crp.ufv.br\/?page_id=1266\">Projeto \u00c1lcool-VidA<\/a><br \/>\n<a href=\"https:\/\/enfrentamentocovid.crp.ufv.br\/?page_id=1268\">Costurando Solidariedade<br \/>\n<\/a><a href=\"https:\/\/enfrentamentocovid.crp.ufv.br\/?page_id=1369\">Iniciativas<\/a><\/p>\n<p style=\"text-align: left;\"><a href=\"https:\/\/drive.google.com\/drive\/u\/0\/folders\/1grRwtX98szr-I2UTfQU8eqErumfirXb0\">Fotos da inaugura\u00e7\u00e3o, <\/a>em 25 de julho de 2022.<\/p>\n<p style=\"text-align: left;\"><strong>Memorial descritivo<\/strong><\/p>\n<p style=\"text-align: left;\">A\u00a0ideia do monumento \u00e9 deixar registrado os esfor\u00e7os e trabalho em equipe de todos que participaram ativamente no combate ao novo coronav\u00edrus. A bibliografia que serviu de base para o projeto,\u00a0reunia reportagens e depoimentos de pessoas que participaram de todo o processo para colocar em pr\u00e1tica as diretrizes necess\u00e1rias para amenizar os efeitos do v\u00edrus na nossa regi\u00e3o: produ\u00e7\u00e3o de m\u00e1scaras, \u00e1lcool em gel, testes de laborat\u00f3rio e\u00a0outras iniciativas.<\/p>\n<p style=\"text-align: left;\">A arquiteta respons\u00e1vel pelo projeto, Andressa Ribeiro Teodoro destaca que\u00a0durante\u00a0sua pesquisa, ficou\u00a0evidente a\u00a0importante uni\u00e3o entre as pessoas. Com essa refer\u00eancia em mente,\u00a0escolheu a\u00a0forma hexagonal que se assimila ao formato da colmeia de abelhas onde elas trabalham com const\u00e2ncia, em equipe e em sincronia visando o futuro e a sobreviv\u00eancia da esp\u00e9cie. Esse foi o\u00a0ponto inicial para criar o monumento.<\/p>\n<p style=\"text-align: center;\"><img loading=\"lazy\" decoding=\"async\" class=\"aligncenter size-full wp-image-1624\" src=\"https:\/\/enfrentamentocovid.crp.ufv.br\/wp-content\/uploads\/2013\/07\/Monumento01-1.png\" alt=\"\" width=\"740\" height=\"220\" srcset=\"https:\/\/enfrentamentocovid.crp.ufv.br\/wp-content\/uploads\/2013\/07\/Monumento01-1.png 740w, https:\/\/enfrentamentocovid.crp.ufv.br\/wp-content\/uploads\/2013\/07\/Monumento01-1-300x89.png 300w, https:\/\/enfrentamentocovid.crp.ufv.br\/wp-content\/uploads\/2013\/07\/Monumento01-1-500x149.png 500w\" sizes=\"auto, (max-width: 740px) 100vw, 740px\" \/><\/p>\n<p style=\"text-align: left;\">Outro elemento\u00a0acrescentado ao monumento deveria\u00a0representar a uni\u00e3o entre a Universidade Federal de Vi\u00e7osa e a comunidade de Rio Parana\u00edba e regi\u00e3o.\u00a0Andressa explique que n\u00e3o queria representar algo que transmitisse a ideia de uma fus\u00e3o entre essas organiza\u00e7\u00f5es. Para ela, a Universidade Federal de Vi\u00e7osa possui uma hist\u00f3ria s\u00f3lida e tem sua pr\u00f3pria identidade, isso significa que\u00a0a UFV ser\u00e1 pr\u00f3spera em qualquer <em>campus<\/em> que for escolhido para ser implantada. Assim como, a cidade de Rio Parana\u00edba que continuaria a se desenvolver como cidade, mesmo que o campus n\u00e3o estivesse se instalado aqui, pois o crescimento econ\u00f4mico e urbano \u00e9 algo natural de esperar das civiliza\u00e7\u00f5es. Por\u00e9m, vale salientar que quando a comunidade e a Universidade trabalham juntas \u00e9 poss\u00edvel perceber uma nova perspectiva de uma sociedade que est\u00e1 se formando.<\/p>\n<p style=\"text-align: left;\"><strong>Andressa Ribeiro Teodoro<\/strong> \u00e9 formada em Arquitetura e Urbanismo pela Universidade de Uberaba-Uniube (2017). Atua como aut\u00f4noma no mercado de trabalho em projetos arquitet\u00f4nicos residenciais e comerciais e <em>design<\/em> de interiores de diferentes tipos em todo o Brasil.\u00a0 Para Andressa, desenvolver a ideia e a forma do monumento foi um desafio, pois at\u00e9 ent\u00e3o n\u00e3o havia\u00a0 trabalhado\u00a0neste tipo de projeto,\u00a0a arquiteta agradece a oportunidade de eternizar esse monumento na UFV-Rio Parana\u00edba.<\/p>\n","protected":false},"excerpt":{"rendered":"<p>Homenagem \u00e0 comunidade acad\u00eamica que, unida, enfrentou a pandemia da Covid-19 e superou os desafios. Nosso especial reconhecimento e gratid\u00e3o a todos os apoiadores e servidores que empenharam tempo, conhecimento e amor em a\u00e7\u00f5es em benef\u00edcio de toda\u00a0a\u00a0sociedade. Realiza\u00e7\u00e3o dos &hellip; <a href=\"https:\/\/enfrentamentocovid.crp.ufv.br\/\">Leia mais<\/a><\/p>\n","protected":false},"author":1,"featured_media":0,"parent":0,"menu_order":1,"comment_status":"closed","ping_status":"closed","template":"","meta":{"footnotes":""},"class_list":["post-4","page","type-page","status-publish","hentry"],"_links":{"self":[{"href":"https:\/\/enfrentamentocovid.crp.ufv.br\/index.php?rest_route=\/wp\/v2\/pages\/4","targetHints":{"allow":["GET"]}}],"collection":[{"href":"https:\/\/enfrentamentocovid.crp.ufv.br\/index.php?rest_route=\/wp\/v2\/pages"}],"about":[{"href":"https:\/\/enfrentamentocovid.crp.ufv.br\/index.php?rest_route=\/wp\/v2\/types\/page"}],"author":[{"embeddable":true,"href":"https:\/\/enfrentamentocovid.crp.ufv.br\/index.php?rest_route=\/wp\/v2\/users\/1"}],"replies":[{"embeddable":true,"href":"https:\/\/enfrentamentocovid.crp.ufv.br\/index.php?rest_route=%2Fwp%2Fv2%2Fcomments&post=4"}],"version-history":[{"count":119,"href":"https:\/\/enfrentamentocovid.crp.ufv.br\/index.php?rest_route=\/wp\/v2\/pages\/4\/revisions"}],"predecessor-version":[{"id":1635,"href":"https:\/\/enfrentamentocovid.crp.ufv.br\/index.php?rest_route=\/wp\/v2\/pages\/4\/revisions\/1635"}],"wp:attachment":[{"href":"https:\/\/enfrentamentocovid.crp.ufv.br\/index.php?rest_route=%2Fwp%2Fv2%2Fmedia&parent=4"}],"curies":[{"name":"wp","href":"https:\/\/api.w.org\/{rel}","templated":true}]}}