{"id":1542,"date":"2022-07-18T09:35:09","date_gmt":"2022-07-18T12:35:09","guid":{"rendered":"https:\/\/enfrentamentocovid.crp.ufv.br\/?page_id=1542"},"modified":"2022-07-19T09:34:50","modified_gmt":"2022-07-19T12:34:50","slug":"memorial","status":"publish","type":"page","link":"https:\/\/enfrentamentocovid.crp.ufv.br\/?page_id=1542","title":{"rendered":"Memorial"},"content":{"rendered":"<p>&nbsp;<\/p>\n<p style=\"text-align: center;\"><img loading=\"lazy\" decoding=\"async\" class=\"aligncenter size-medium wp-image-1544\" src=\"https:\/\/enfrentamentocovid.crp.ufv.br\/wp-content\/uploads\/2022\/07\/97d8a5c6-53c7-45ca-9990-e2768c4dfb8c-300x300.jpg\" alt=\"\" width=\"300\" height=\"300\" srcset=\"https:\/\/enfrentamentocovid.crp.ufv.br\/wp-content\/uploads\/2022\/07\/97d8a5c6-53c7-45ca-9990-e2768c4dfb8c-300x300.jpg 300w, https:\/\/enfrentamentocovid.crp.ufv.br\/wp-content\/uploads\/2022\/07\/97d8a5c6-53c7-45ca-9990-e2768c4dfb8c-150x150.jpg 150w, https:\/\/enfrentamentocovid.crp.ufv.br\/wp-content\/uploads\/2022\/07\/97d8a5c6-53c7-45ca-9990-e2768c4dfb8c-768x768.jpg 768w, https:\/\/enfrentamentocovid.crp.ufv.br\/wp-content\/uploads\/2022\/07\/97d8a5c6-53c7-45ca-9990-e2768c4dfb8c-1024x1024.jpg 1024w, https:\/\/enfrentamentocovid.crp.ufv.br\/wp-content\/uploads\/2022\/07\/97d8a5c6-53c7-45ca-9990-e2768c4dfb8c.jpg 1600w\" sizes=\"auto, (max-width: 300px) 100vw, 300px\" \/><\/p>\n<p class=\"aligncenter\">Em 30 de abril de 2021, com muita tristeza, a UFV-Rio Parana\u00edba recebeu a not\u00edcia do falecimento de Ulisses Guimar\u00e3es Barros (1971-2021). Ulisses ingressou na UFV em 26 de janeiro de 2009 no cargo de administrador. Querido e respeitado por todos da comunidade acad\u00eamica, foi um dos servidores pioneiros na constru\u00e7\u00e3o e consolida\u00e7\u00e3o do\u00a0<em>Campus,<\/em>\u00a0prestando servi\u00e7os extremamente relevantes no CRP I e no CRP II.<\/p>\n","protected":false},"excerpt":{"rendered":"<p>&nbsp; Em 30 de abril de 2021, com muita tristeza, a UFV-Rio Parana\u00edba recebeu a not\u00edcia do falecimento de Ulisses Guimar\u00e3es Barros (1971-2021). Ulisses ingressou na UFV em 26 de janeiro de 2009 no cargo de administrador. Querido e respeitado &hellip; <a href=\"https:\/\/enfrentamentocovid.crp.ufv.br\/?page_id=1542\">Leia mais<\/a><\/p>\n","protected":false},"author":6,"featured_media":0,"parent":0,"menu_order":0,"comment_status":"closed","ping_status":"closed","template":"","meta":{"footnotes":""},"class_list":["post-1542","page","type-page","status-publish","hentry"],"_links":{"self":[{"href":"https:\/\/enfrentamentocovid.crp.ufv.br\/index.php?rest_route=\/wp\/v2\/pages\/1542","targetHints":{"allow":["GET"]}}],"collection":[{"href":"https:\/\/enfrentamentocovid.crp.ufv.br\/index.php?rest_route=\/wp\/v2\/pages"}],"about":[{"href":"https:\/\/enfrentamentocovid.crp.ufv.br\/index.php?rest_route=\/wp\/v2\/types\/page"}],"author":[{"embeddable":true,"href":"https:\/\/enfrentamentocovid.crp.ufv.br\/index.php?rest_route=\/wp\/v2\/users\/6"}],"replies":[{"embeddable":true,"href":"https:\/\/enfrentamentocovid.crp.ufv.br\/index.php?rest_route=%2Fwp%2Fv2%2Fcomments&post=1542"}],"version-history":[{"count":55,"href":"https:\/\/enfrentamentocovid.crp.ufv.br\/index.php?rest_route=\/wp\/v2\/pages\/1542\/revisions"}],"predecessor-version":[{"id":1621,"href":"https:\/\/enfrentamentocovid.crp.ufv.br\/index.php?rest_route=\/wp\/v2\/pages\/1542\/revisions\/1621"}],"wp:attachment":[{"href":"https:\/\/enfrentamentocovid.crp.ufv.br\/index.php?rest_route=%2Fwp%2Fv2%2Fmedia&parent=1542"}],"curies":[{"name":"wp","href":"https:\/\/api.w.org\/{rel}","templated":true}]}}