{"id":1369,"date":"2022-07-08T11:51:08","date_gmt":"2022-07-08T14:51:08","guid":{"rendered":"https:\/\/enfrentamentocovid.crp.ufv.br\/?page_id=1369"},"modified":"2022-07-14T15:59:39","modified_gmt":"2022-07-14T18:59:39","slug":"iniciativas","status":"publish","type":"page","link":"https:\/\/enfrentamentocovid.crp.ufv.br\/?page_id=1369","title":{"rendered":"Iniciativas"},"content":{"rendered":"<p>Diversas a\u00e7\u00f5es de enfrentamento foram realizadas durante o per\u00edodo de pandemia. A Diretoria de Extens\u00e3o e Cultura, sob a coordena\u00e7\u00e3o da professora Virg\u00ednia Souza Santos, por meio do\u00a0<a href=\"https:\/\/www.instagram.com\/dxc_ufv_crp\/\">Instagram<\/a> manteve as atividades do Projeto Arte e Cultura no CRP, disponibilizando apresenta\u00e7\u00f5es culturais, exposi\u00e7\u00f5es e minicursos, al\u00e9m de v\u00e1rias outras iniciativas que levaram mensagens otimistas para a comunidade acad\u00eamica.<\/p>\n<p><img loading=\"lazy\" decoding=\"async\" class=\"aligncenter size-full wp-image-1502\" src=\"https:\/\/enfrentamentocovid.crp.ufv.br\/wp-content\/uploads\/2022\/07\/DXC.jpg\" alt=\"\" width=\"740\" height=\"220\" srcset=\"https:\/\/enfrentamentocovid.crp.ufv.br\/wp-content\/uploads\/2022\/07\/DXC.jpg 740w, https:\/\/enfrentamentocovid.crp.ufv.br\/wp-content\/uploads\/2022\/07\/DXC-300x89.jpg 300w, https:\/\/enfrentamentocovid.crp.ufv.br\/wp-content\/uploads\/2022\/07\/DXC-500x149.jpg 500w\" sizes=\"auto, (max-width: 740px) 100vw, 740px\" \/><\/p>\n<p>A Empresa J\u00fanior do Curso de Nutri\u00e7\u00e3o (<a href=\"https:\/\/www.instagram.com\/menutriej\/\">MeNutri<\/a>), sob a orienta\u00e7\u00e3o de v\u00e1rias professoras do curso, preparou tr\u00eas e-books para auxiliar os empres\u00e1rios do ramo aliment\u00edcio da regi\u00e3o. O material foi distribu\u00eddo gratuitamente por meio de formul\u00e1rio online com orienta\u00e7\u00f5es de higiene condizentes com as boas pr\u00e1ticas de produ\u00e7\u00e3o e comercializa\u00e7\u00e3o de g\u00eaneros aliment\u00edcios diante do cen\u00e1rio de pandemia. A\u00a0professora D\u00e9bora Silva Melo, por meio da parceria entre a <a href=\"https:\/\/www.instagram.com\/ufv.crp\/\">UFV-Rio Parana\u00edba<\/a>\u00a0e a <a href=\"https:\/\/www.instagram.com\/paranaibamaximus\/\">R\u00e1dio Parana\u00edba FM<\/a>, iniciou um programa de esclarecimento de d\u00favidas da sociedade sobre o aux\u00edlio emergencial que fora concedido pelo governo federal \u00e0 popula\u00e7\u00e3o, durante o per\u00edodo de distanciamento e isolamento social.<\/p>\n<p><img loading=\"lazy\" decoding=\"async\" class=\"aligncenter size-full wp-image-1526\" src=\"https:\/\/enfrentamentocovid.crp.ufv.br\/wp-content\/uploads\/2022\/07\/Nutri-e-diteiro.jpg\" alt=\"\" width=\"740\" height=\"220\" srcset=\"https:\/\/enfrentamentocovid.crp.ufv.br\/wp-content\/uploads\/2022\/07\/Nutri-e-diteiro.jpg 740w, https:\/\/enfrentamentocovid.crp.ufv.br\/wp-content\/uploads\/2022\/07\/Nutri-e-diteiro-300x89.jpg 300w, https:\/\/enfrentamentocovid.crp.ufv.br\/wp-content\/uploads\/2022\/07\/Nutri-e-diteiro-500x149.jpg 500w\" sizes=\"auto, (max-width: 740px) 100vw, 740px\" \/><\/p>\n<p>Em agosto de 2020, sob a coordena\u00e7\u00e3o da\u00a0professora Luciana Resende Cardoso J\u00falio, iniciou-se o projeto &#8220;<a href=\"https:\/\/www.ntr.crp.ufv.br\/?noticias=curso-de-nutricao-firma-parceria-com-sesc-minas-para-arrecadacao-e-distribuicao-de-alimento\">UFV e SESC Minas de M\u00e3os dadas contra o desperd\u00edcio de alimentos e a fome&#8221;<\/a> com o objetivo atuar em parceria ao programa Mesa Brasil do SESC Minas na redu\u00e7\u00e3o do desperd\u00edcio alimentar e a fome em Rio Parana\u00edba e regi\u00e3o, promovendo a seguran\u00e7a alimentar e nutricional. O projeto \u00e9 uma a\u00e7\u00e3o de grande relev\u00e2ncia pois atende institui\u00e7\u00f5es de toda a regi\u00e3o por meio da doa\u00e7\u00e3o de alimentos, especialmente , na situa\u00e7\u00e3o de aumento da desigualdade social e pobreza devido aos efeitos da pandemia. As doa\u00e7\u00f5es s\u00e3o realizadas no espa\u00e7o cedido pela Universidade no CRP I, e durante a pandemia foram distribu\u00eddos mais de 6000 quilos de alimentos, dentre eles cenoura, abacate, farinha, biscoito, achocolatado, entre outros. O projeto atende 18 institui\u00e7\u00f5es, com 1428 beneficiados, das cidades de Rio Parana\u00edba, Carmo do Parana\u00edba, S\u00e3o Gotardo e Tiros.<\/p>\n<p><img loading=\"lazy\" decoding=\"async\" class=\"aligncenter size-full wp-image-1510\" src=\"https:\/\/enfrentamentocovid.crp.ufv.br\/wp-content\/uploads\/2022\/07\/Mesa_brasil.jpg\" alt=\"\" width=\"740\" height=\"220\" srcset=\"https:\/\/enfrentamentocovid.crp.ufv.br\/wp-content\/uploads\/2022\/07\/Mesa_brasil.jpg 740w, https:\/\/enfrentamentocovid.crp.ufv.br\/wp-content\/uploads\/2022\/07\/Mesa_brasil-300x89.jpg 300w, https:\/\/enfrentamentocovid.crp.ufv.br\/wp-content\/uploads\/2022\/07\/Mesa_brasil-500x149.jpg 500w\" sizes=\"auto, (max-width: 740px) 100vw, 740px\" \/><\/p>\n<p>Outras iniciativas de v\u00e1rios servidores no apoio ao fortalecimento mental, diante da necessidade de enfrentar as diversas situa\u00e7\u00f5es impostas pela pandemia, tamb\u00e9m foram realizadas. Nesse sentido, merecem \u00eanfase dois projetos: \u201c(A)colher: Terapia Comunit\u00e1ria Integrativa como recurso de cuidado e promo\u00e7\u00e3o da sa\u00fade \u201d e \u201cCaf\u00e9 com Bordado: Tecendo a arte do bem comum \u201d, coordenados pela professoras Monise Abranches e Karine Gomes, respectivamente. Al\u00e9m disso, a Divis\u00e3o de Assuntos Comunit\u00e1rios manteve-se atenta no atendimento virtual aos estudantes, que necessitam de consultas m\u00e9dicas ou psicol\u00f3gicas.<\/p>\n<p><img loading=\"lazy\" decoding=\"async\" class=\"aligncenter size-full wp-image-1508\" src=\"https:\/\/enfrentamentocovid.crp.ufv.br\/wp-content\/uploads\/2022\/07\/Diversas_Iniciativas.jpg\" alt=\"\" width=\"740\" height=\"220\" srcset=\"https:\/\/enfrentamentocovid.crp.ufv.br\/wp-content\/uploads\/2022\/07\/Diversas_Iniciativas.jpg 740w, https:\/\/enfrentamentocovid.crp.ufv.br\/wp-content\/uploads\/2022\/07\/Diversas_Iniciativas-300x89.jpg 300w, https:\/\/enfrentamentocovid.crp.ufv.br\/wp-content\/uploads\/2022\/07\/Diversas_Iniciativas-500x149.jpg 500w\" sizes=\"auto, (max-width: 740px) 100vw, 740px\" \/><\/p>\n","protected":false},"excerpt":{"rendered":"<p>Diversas a\u00e7\u00f5es de enfrentamento foram realizadas durante o per\u00edodo de pandemia. A Diretoria de Extens\u00e3o e Cultura, sob a coordena\u00e7\u00e3o da professora Virg\u00ednia Souza Santos, por meio do\u00a0Instagram manteve as atividades do Projeto Arte e Cultura no CRP, disponibilizando apresenta\u00e7\u00f5es &hellip; <a href=\"https:\/\/enfrentamentocovid.crp.ufv.br\/?page_id=1369\">Leia mais<\/a><\/p>\n","protected":false},"author":6,"featured_media":0,"parent":0,"menu_order":7,"comment_status":"closed","ping_status":"closed","template":"","meta":{"footnotes":""},"class_list":["post-1369","page","type-page","status-publish","hentry"],"_links":{"self":[{"href":"https:\/\/enfrentamentocovid.crp.ufv.br\/index.php?rest_route=\/wp\/v2\/pages\/1369","targetHints":{"allow":["GET"]}}],"collection":[{"href":"https:\/\/enfrentamentocovid.crp.ufv.br\/index.php?rest_route=\/wp\/v2\/pages"}],"about":[{"href":"https:\/\/enfrentamentocovid.crp.ufv.br\/index.php?rest_route=\/wp\/v2\/types\/page"}],"author":[{"embeddable":true,"href":"https:\/\/enfrentamentocovid.crp.ufv.br\/index.php?rest_route=\/wp\/v2\/users\/6"}],"replies":[{"embeddable":true,"href":"https:\/\/enfrentamentocovid.crp.ufv.br\/index.php?rest_route=%2Fwp%2Fv2%2Fcomments&post=1369"}],"version-history":[{"count":18,"href":"https:\/\/enfrentamentocovid.crp.ufv.br\/index.php?rest_route=\/wp\/v2\/pages\/1369\/revisions"}],"predecessor-version":[{"id":1532,"href":"https:\/\/enfrentamentocovid.crp.ufv.br\/index.php?rest_route=\/wp\/v2\/pages\/1369\/revisions\/1532"}],"wp:attachment":[{"href":"https:\/\/enfrentamentocovid.crp.ufv.br\/index.php?rest_route=%2Fwp%2Fv2%2Fmedia&parent=1369"}],"curies":[{"name":"wp","href":"https:\/\/api.w.org\/{rel}","templated":true}]}}