{"id":1270,"date":"2022-06-15T13:47:05","date_gmt":"2022-06-15T16:47:05","guid":{"rendered":"https:\/\/enfrentamentocovid.crp.ufv.br\/?page_id=1270"},"modified":"2022-07-14T15:31:34","modified_gmt":"2022-07-14T18:31:34","slug":"menu05","status":"publish","type":"page","link":"https:\/\/enfrentamentocovid.crp.ufv.br\/?page_id=1270","title":{"rendered":"Testes RT-PCR"},"content":{"rendered":"<p>O projeto intitulado \u201cLaborat\u00f3rio de Diagn\u00f3sticos Moleculares\u201d da UFV-Rio Parana\u00edba\u00a0foi apresentado \u00e0 Funda\u00e7\u00e3o Ezequiel Dias (FUNED) em Belo Horizonte e, para a felicidade da comunidade acad\u00eamica e regi\u00e3o,\u00a0 foi aprovado no dia\u00a002 de abril de 2020. Dos 19 laborat\u00f3rios aprovados naquele momento pela FUNED, seis foram laborat\u00f3rios da UFV, sendo 5 laborat\u00f3rios localizados em Vi\u00e7osa e um localizado no <em>Campus<\/em> de Rio Parana\u00edba. A expectativa inicial era de realizar cerca de 50 testes por dia. A not\u00edcia foi amplamente divulgada nos principais jornais da regi\u00e3o e do estado, contribuindo para elevada divulga\u00e7\u00e3o do\u00a0<em>Campus<\/em>.\u00a0A coordena\u00e7\u00e3o do Laborat\u00f3rio de Diagn\u00f3sticos Moleculares ficou a cargo do professor Rubens Pasa e contou com uma ampla participa\u00e7\u00e3o de professores, t\u00e9cnicos e estudantes.<\/p>\n<p>Com a aprova\u00e7\u00e3o da FUNED, come\u00e7ava outro grande desafio que era equipar, adequadamente, o Laborat\u00f3rio de Diagn\u00f3sticos Moleculares. Era necess\u00e1rio atender todos os crit\u00e9rios t\u00e9cnicos e de biosseguran\u00e7a exigidos para a realiza\u00e7\u00e3o dos testes.\u00a0Esse desafio foi superado com muito empenho da equipe do laborat\u00f3rio, de v\u00e1rios setores da UFV e grande mobiliza\u00e7\u00e3o da sociedade do Alto Parana\u00edba que abra\u00e7ou a iniciativa da UFV-CRP e contribuiu de forma efetiva com doa\u00e7\u00f5es e empr\u00e9stimos de equipamentos. Em um ano de atua\u00e7\u00e3o, o laborat\u00f3rio conseguiu triplicar a capacidade di\u00e1ria de testagem.<\/p>\n<p style=\"text-align: left;\"><img loading=\"lazy\" decoding=\"async\" class=\"aligncenter size-full wp-image-1485\" src=\"https:\/\/enfrentamentocovid.crp.ufv.br\/wp-content\/uploads\/2022\/06\/RTPCR-01.jpg\" alt=\"\" width=\"740\" height=\"110\" srcset=\"https:\/\/enfrentamentocovid.crp.ufv.br\/wp-content\/uploads\/2022\/06\/RTPCR-01.jpg 740w, https:\/\/enfrentamentocovid.crp.ufv.br\/wp-content\/uploads\/2022\/06\/RTPCR-01-300x45.jpg 300w, https:\/\/enfrentamentocovid.crp.ufv.br\/wp-content\/uploads\/2022\/06\/RTPCR-01-500x74.jpg 500w\" sizes=\"auto, (max-width: 740px) 100vw, 740px\" \/><\/p>\n<p style=\"text-align: left;\">Os testes realizados eram do tipo RT-PCR, conhecido como \u201cPadr\u00e3o Ouro\u201d, pois detecta o v\u00edrus ainda nas vias respirat\u00f3rias do paciente, permitindo que medidas r\u00e1pidas de isolamento e preven\u00e7\u00e3o \u00e0 dissemina\u00e7\u00e3o da doen\u00e7a sejam tomadas. Esses testes foram realizados em parceria com as secretarias municipais de sa\u00fade, que eram respons\u00e1veis pelo monitoramento dos casos, coleta e envio das amostras at\u00e9 o Laborat\u00f3rio de Diagn\u00f3sticos Moleculares em Rio Parana\u00edba.<\/p>\n<p style=\"text-align: left;\">Altos investimentos,\u00a0da pr\u00f3pria reitoria da UFV,\u00a0 possibilitaram a compra de equipamentos e reagentes para os seis laborat\u00f3rios, incluindo, principalmente, o de Rio Parana\u00edba. Surgia ent\u00e3o, mais um importante laborat\u00f3rio no <em>Campus<\/em> da UFV de Rio Parana\u00edba, que passaria a realizar um servi\u00e7o altamente qualificado para a regi\u00e3o.\u00a0Por meio dos\u00a0acordos firmados com o Minist\u00e9rio P\u00fablico Federal e Minist\u00e9rio P\u00fablico do Trabalho de Patos de Minas, foram realizados 1800 testes RT-PCR, atendendo um total de 47 cidades localizadas nas Regi\u00f5es Noroeste de Minas, Alto Parana\u00edba e Tri\u00e2ngulo Mineiro.<\/p>\n<p style=\"text-align: left;\"><img loading=\"lazy\" decoding=\"async\" class=\"aligncenter size-full wp-image-1488\" src=\"https:\/\/enfrentamentocovid.crp.ufv.br\/wp-content\/uploads\/2022\/06\/RTPCR_02.jpg\" alt=\"\" width=\"740\" height=\"220\" srcset=\"https:\/\/enfrentamentocovid.crp.ufv.br\/wp-content\/uploads\/2022\/06\/RTPCR_02.jpg 740w, https:\/\/enfrentamentocovid.crp.ufv.br\/wp-content\/uploads\/2022\/06\/RTPCR_02-300x89.jpg 300w, https:\/\/enfrentamentocovid.crp.ufv.br\/wp-content\/uploads\/2022\/06\/RTPCR_02-500x149.jpg 500w\" sizes=\"auto, (max-width: 740px) 100vw, 740px\" \/><\/p>\n<p>&nbsp;<\/p>\n","protected":false},"excerpt":{"rendered":"<p>O projeto intitulado \u201cLaborat\u00f3rio de Diagn\u00f3sticos Moleculares\u201d da UFV-Rio Parana\u00edba\u00a0foi apresentado \u00e0 Funda\u00e7\u00e3o Ezequiel Dias (FUNED) em Belo Horizonte e, para a felicidade da comunidade acad\u00eamica e regi\u00e3o,\u00a0 foi aprovado no dia\u00a002 de abril de 2020. Dos 19 laborat\u00f3rios aprovados &hellip; <a href=\"https:\/\/enfrentamentocovid.crp.ufv.br\/?page_id=1270\">Leia mais<\/a><\/p>\n","protected":false},"author":1,"featured_media":0,"parent":0,"menu_order":5,"comment_status":"closed","ping_status":"closed","template":"","meta":{"footnotes":""},"class_list":["post-1270","page","type-page","status-publish","hentry"],"_links":{"self":[{"href":"https:\/\/enfrentamentocovid.crp.ufv.br\/index.php?rest_route=\/wp\/v2\/pages\/1270","targetHints":{"allow":["GET"]}}],"collection":[{"href":"https:\/\/enfrentamentocovid.crp.ufv.br\/index.php?rest_route=\/wp\/v2\/pages"}],"about":[{"href":"https:\/\/enfrentamentocovid.crp.ufv.br\/index.php?rest_route=\/wp\/v2\/types\/page"}],"author":[{"embeddable":true,"href":"https:\/\/enfrentamentocovid.crp.ufv.br\/index.php?rest_route=\/wp\/v2\/users\/1"}],"replies":[{"embeddable":true,"href":"https:\/\/enfrentamentocovid.crp.ufv.br\/index.php?rest_route=%2Fwp%2Fv2%2Fcomments&post=1270"}],"version-history":[{"count":38,"href":"https:\/\/enfrentamentocovid.crp.ufv.br\/index.php?rest_route=\/wp\/v2\/pages\/1270\/revisions"}],"predecessor-version":[{"id":1523,"href":"https:\/\/enfrentamentocovid.crp.ufv.br\/index.php?rest_route=\/wp\/v2\/pages\/1270\/revisions\/1523"}],"wp:attachment":[{"href":"https:\/\/enfrentamentocovid.crp.ufv.br\/index.php?rest_route=%2Fwp%2Fv2%2Fmedia&parent=1270"}],"curies":[{"name":"wp","href":"https:\/\/api.w.org\/{rel}","templated":true}]}}