{"id":1268,"date":"2022-06-15T13:46:58","date_gmt":"2022-06-15T16:46:58","guid":{"rendered":"https:\/\/enfrentamentocovid.crp.ufv.br\/?page_id=1268"},"modified":"2022-07-14T14:48:29","modified_gmt":"2022-07-14T17:48:29","slug":"menu04","status":"publish","type":"page","link":"https:\/\/enfrentamentocovid.crp.ufv.br\/?page_id=1268","title":{"rendered":"Costurando Solidariedade"},"content":{"rendered":"<p>Paralelo\u00a0\u00e0 produ\u00e7\u00e3o do \u00e1lcool, de forma volunt\u00e1ria, algumas professoras iniciaram a produ\u00e7\u00e3o de m\u00e1scaras de tecido. As professoras aliaram o prazer pela costura com a nobre iniciativa de ajudar na preven\u00e7\u00e3o\u00a0contra o\u00a0v\u00edrus.\u00a0A\u00a0confec\u00e7\u00e3o das m\u00e1scaras de tecidos ficou a cargo das professoras Fernanda Santiago Chaves Soares, Simone Rodrigues Campos Ruas, Maria Elisa de Sena Fernandes e Luciane Cristina de Oliveira Lisboa, que deram origem ao projeto \u201cCosturando Solidariedade\u201d.<\/p>\n<p>Mais tarde, com o apoio dos recursos destinados pelos Minist\u00e9rio P\u00fablico Federal e Minist\u00e9rio P\u00fablico do Trabalho de Patos de Minas a produ\u00e7\u00e3o atingiu\u00a09.600 m\u00e1scaras de tecido.\u00a0Por meio da parceria com os Minist\u00e9rios P\u00fablicos,\u00a0al\u00e9m dos materiais utilizados na produ\u00e7\u00e3o, foram contratadas costureiras remuneradas em Rio Parana\u00edba e Carmo do Parana\u00edba para atender toda a confec\u00e7\u00e3o das m\u00e1scaras de tecido.<\/p>\n<p style=\"text-align: center;\"><img loading=\"lazy\" decoding=\"async\" class=\"size-medium wp-image-1398 alignleft\" src=\"https:\/\/enfrentamentocovid.crp.ufv.br\/wp-content\/uploads\/2022\/07\/fotos-e1657630684460-245x300.jpg\" alt=\"\" width=\"245\" height=\"300\" srcset=\"https:\/\/enfrentamentocovid.crp.ufv.br\/wp-content\/uploads\/2022\/07\/fotos-e1657630684460-245x300.jpg 245w, https:\/\/enfrentamentocovid.crp.ufv.br\/wp-content\/uploads\/2022\/07\/fotos-e1657630684460.jpg 586w\" sizes=\"auto, (max-width: 245px) 100vw, 245px\" \/><\/p>\n<p>&nbsp;<\/p>\n<p style=\"text-align: left;\">\n","protected":false},"excerpt":{"rendered":"<p>Paralelo\u00a0\u00e0 produ\u00e7\u00e3o do \u00e1lcool, de forma volunt\u00e1ria, algumas professoras iniciaram a produ\u00e7\u00e3o de m\u00e1scaras de tecido. As professoras aliaram o prazer pela costura com a nobre iniciativa de ajudar na preven\u00e7\u00e3o\u00a0contra o\u00a0v\u00edrus.\u00a0A\u00a0confec\u00e7\u00e3o das m\u00e1scaras de tecidos ficou a cargo das &hellip; <a href=\"https:\/\/enfrentamentocovid.crp.ufv.br\/?page_id=1268\">Leia mais<\/a><\/p>\n","protected":false},"author":1,"featured_media":0,"parent":0,"menu_order":6,"comment_status":"closed","ping_status":"closed","template":"","meta":{"footnotes":""},"class_list":["post-1268","page","type-page","status-publish","hentry"],"_links":{"self":[{"href":"https:\/\/enfrentamentocovid.crp.ufv.br\/index.php?rest_route=\/wp\/v2\/pages\/1268","targetHints":{"allow":["GET"]}}],"collection":[{"href":"https:\/\/enfrentamentocovid.crp.ufv.br\/index.php?rest_route=\/wp\/v2\/pages"}],"about":[{"href":"https:\/\/enfrentamentocovid.crp.ufv.br\/index.php?rest_route=\/wp\/v2\/types\/page"}],"author":[{"embeddable":true,"href":"https:\/\/enfrentamentocovid.crp.ufv.br\/index.php?rest_route=\/wp\/v2\/users\/1"}],"replies":[{"embeddable":true,"href":"https:\/\/enfrentamentocovid.crp.ufv.br\/index.php?rest_route=%2Fwp%2Fv2%2Fcomments&post=1268"}],"version-history":[{"count":44,"href":"https:\/\/enfrentamentocovid.crp.ufv.br\/index.php?rest_route=\/wp\/v2\/pages\/1268\/revisions"}],"predecessor-version":[{"id":1518,"href":"https:\/\/enfrentamentocovid.crp.ufv.br\/index.php?rest_route=\/wp\/v2\/pages\/1268\/revisions\/1518"}],"wp:attachment":[{"href":"https:\/\/enfrentamentocovid.crp.ufv.br\/index.php?rest_route=%2Fwp%2Fv2%2Fmedia&parent=1268"}],"curies":[{"name":"wp","href":"https:\/\/api.w.org\/{rel}","templated":true}]}}