{"id":1266,"date":"2022-06-15T13:46:49","date_gmt":"2022-06-15T16:46:49","guid":{"rendered":"https:\/\/enfrentamentocovid.crp.ufv.br\/?page_id=1266"},"modified":"2022-07-14T14:47:12","modified_gmt":"2022-07-14T17:47:12","slug":"menu03","status":"publish","type":"page","link":"https:\/\/enfrentamentocovid.crp.ufv.br\/?page_id=1266","title":{"rendered":"\u00c1lcool-VidA"},"content":{"rendered":"<p>Inicialmente, com recursos pr\u00f3prios, a diretoria geral da UFV-Rio Parana\u00edba\u00a0adquiriu cerca de 300 frascos borrifadores e seguindo normas da OMS e Anvisa, professores, t\u00e9cnicos e estudantes envasaram \u00e1lcool l\u00edquido na concentra\u00e7\u00e3o de 70% para distribui\u00e7\u00e3o em Rio Parana\u00edba e S\u00e3o Gotardo. Come\u00e7ava ali, uma enorme e positiva mobiliza\u00e7\u00e3o de v\u00e1rios setores do <em>Campus<\/em>\u00a0ao lado da sociedade na luta contra o novo coronav\u00edrus, produzindo equipamentos de seguran\u00e7a e produtos que pudessem ajudar a frear a dissemina\u00e7\u00e3o da doen\u00e7a e salvar vidas. Sob responsabilidade do professor M\u00e1rcio Santos Soares do Curso de Qu\u00edmica, surgiu o projeto \u201c\u00c1lcool-VidA\u201d.<\/p>\n<p>Os apoios financeiros vindos do Minist\u00e9rio P\u00fablico Federal e Minist\u00e9rio P\u00fablico do Trabalho de Patos de Minas, possibilitaram a produ\u00e7\u00e3o e distribui\u00e7\u00e3o, gratuita, de\u00a0 mais de 15.000 litros de \u00e1lcool 70%.\u00a0 Al\u00e9m disso, a parceria possibilitou a aquisi\u00e7\u00e3o de um ultra purificador de \u00e1gua para o Laborat\u00f3rio de Qu\u00edmica, utilizado na produ\u00e7\u00e3o do \u00e1lcool 70%,\u00a0e de outros acess\u00f3rios para envasar o l\u00edquido de forma pr\u00e1tica e segura.<img loading=\"lazy\" decoding=\"async\" class=\"aligncenter size-full wp-image-1493\" src=\"https:\/\/enfrentamentocovid.crp.ufv.br\/wp-content\/uploads\/2022\/07\/Alcool_02.png\" alt=\"\" width=\"740\" height=\"220\" srcset=\"https:\/\/enfrentamentocovid.crp.ufv.br\/wp-content\/uploads\/2022\/07\/Alcool_02.png 740w, https:\/\/enfrentamentocovid.crp.ufv.br\/wp-content\/uploads\/2022\/07\/Alcool_02-300x89.png 300w, https:\/\/enfrentamentocovid.crp.ufv.br\/wp-content\/uploads\/2022\/07\/Alcool_02-500x149.png 500w\" sizes=\"auto, (max-width: 740px) 100vw, 740px\" \/><\/p>\n","protected":false},"excerpt":{"rendered":"<p>Inicialmente, com recursos pr\u00f3prios, a diretoria geral da UFV-Rio Parana\u00edba\u00a0adquiriu cerca de 300 frascos borrifadores e seguindo normas da OMS e Anvisa, professores, t\u00e9cnicos e estudantes envasaram \u00e1lcool l\u00edquido na concentra\u00e7\u00e3o de 70% para distribui\u00e7\u00e3o em Rio Parana\u00edba e S\u00e3o &hellip; <a href=\"https:\/\/enfrentamentocovid.crp.ufv.br\/?page_id=1266\">Leia mais<\/a><\/p>\n","protected":false},"author":1,"featured_media":0,"parent":0,"menu_order":4,"comment_status":"closed","ping_status":"closed","template":"","meta":{"footnotes":""},"class_list":["post-1266","page","type-page","status-publish","hentry"],"_links":{"self":[{"href":"https:\/\/enfrentamentocovid.crp.ufv.br\/index.php?rest_route=\/wp\/v2\/pages\/1266","targetHints":{"allow":["GET"]}}],"collection":[{"href":"https:\/\/enfrentamentocovid.crp.ufv.br\/index.php?rest_route=\/wp\/v2\/pages"}],"about":[{"href":"https:\/\/enfrentamentocovid.crp.ufv.br\/index.php?rest_route=\/wp\/v2\/types\/page"}],"author":[{"embeddable":true,"href":"https:\/\/enfrentamentocovid.crp.ufv.br\/index.php?rest_route=\/wp\/v2\/users\/1"}],"replies":[{"embeddable":true,"href":"https:\/\/enfrentamentocovid.crp.ufv.br\/index.php?rest_route=%2Fwp%2Fv2%2Fcomments&post=1266"}],"version-history":[{"count":20,"href":"https:\/\/enfrentamentocovid.crp.ufv.br\/index.php?rest_route=\/wp\/v2\/pages\/1266\/revisions"}],"predecessor-version":[{"id":1517,"href":"https:\/\/enfrentamentocovid.crp.ufv.br\/index.php?rest_route=\/wp\/v2\/pages\/1266\/revisions\/1517"}],"wp:attachment":[{"href":"https:\/\/enfrentamentocovid.crp.ufv.br\/index.php?rest_route=%2Fwp%2Fv2%2Fmedia&parent=1266"}],"curies":[{"name":"wp","href":"https:\/\/api.w.org\/{rel}","templated":true}]}}