{"id":1264,"date":"2022-06-15T13:46:41","date_gmt":"2022-06-15T16:46:41","guid":{"rendered":"https:\/\/enfrentamentocovid.crp.ufv.br\/?page_id=1264"},"modified":"2022-07-14T14:45:02","modified_gmt":"2022-07-14T17:45:02","slug":"menu02","status":"publish","type":"page","link":"https:\/\/enfrentamentocovid.crp.ufv.br\/?page_id=1264","title":{"rendered":"Face Shields"},"content":{"rendered":"<p style=\"text-align: left;\">Em mar\u00e7o de 2020, o <em>Campus<\/em> iniciou a produ\u00e7\u00e3o de protetores faciais, os famosos<em> face shields<\/em>, muito utilizados pelos profissionais da \u00e1rea de sa\u00fade. O equipamento era essencial para os profissionais que estavam trabalhando diretamente na linha de frente de enfrentamento \u00e0 Covid-19. A produ\u00e7\u00e3o dos <em>face shields<\/em> come\u00e7ou com muita dificuldade, utilizando-se apenas uma impressora 3D e insumos adquiridos com recursos do <em>Campus<\/em>. Naquele momento, a produtividade era muito baixa e n\u00e3o havia um local adequado para confec\u00e7\u00e3o dos equipamentos.<\/p>\n<p style=\"text-align: left;\">Os apoios financeiros vindos do Minist\u00e9rio P\u00fablico Federal e Minist\u00e9rio P\u00fablico do Trabalho de Patos de Minas, possibilitaram a adapta\u00e7\u00e3o do <em>Campus\u00a0<\/em>para\u00a0 a produ\u00e7\u00e3o dos<em> face shields.<\/em> Como n\u00e3o havia local e equipamentos adequados para atender \u00e0 produ\u00e7\u00e3o de 18.500 <em>face shields,<\/em>\u00a0acordada\u00a0com os Minist\u00e9rios P\u00fablicos, o espa\u00e7o onde funcionava uma antiga oficina de cerca de 100 m2 no Pavilh\u00e3o de Aulas (PVA) foi adaptada. Tamb\u00e9m foram adquiridos equipamentos para o local, que se\u00a0tornou o Laborat\u00f3rio do Curso de Engenharia de Produ\u00e7\u00e3o, uma antiga demanda do <em>Campus.\u00a0<\/em>A produ\u00e7\u00e3o dos <em>face shields<\/em> foi coordenada pela professora\u00a0do Curso de Engenharia de Produ\u00e7\u00e3o Raiane Ribeiro Machado Gomes e deu origem ao projeto \u201cPro VIDA &#8211; Produ\u00e7\u00e3o de Prote\u00e7\u00e3o \u00e0 Vida\u201d.<\/p>\n<p style=\"text-align: left;\">Para aumentar a produ\u00e7\u00e3o, foi adquirida uma m\u00e1quina de corte a laser, com capacidade de produ\u00e7\u00e3o at\u00e9 100 vezes maior do que a impressora 3D, utilizada inicialmente. V\u00e1rios volunt\u00e1rios se dispuseram a levar as pe\u00e7as que eram cortadas para suas casas e realizar a montagem e organiza\u00e7\u00e3o dos <em>face shields<\/em> em embalagens para posterior distribui\u00e7\u00e3o.<\/p>\n<p style=\"text-align: left;\"><img loading=\"lazy\" decoding=\"async\" class=\"aligncenter size-full wp-image-1498\" src=\"https:\/\/enfrentamentocovid.crp.ufv.br\/wp-content\/uploads\/2022\/07\/Face_001.jpg\" alt=\"\" width=\"740\" height=\"220\" srcset=\"https:\/\/enfrentamentocovid.crp.ufv.br\/wp-content\/uploads\/2022\/07\/Face_001.jpg 740w, https:\/\/enfrentamentocovid.crp.ufv.br\/wp-content\/uploads\/2022\/07\/Face_001-300x89.jpg 300w, https:\/\/enfrentamentocovid.crp.ufv.br\/wp-content\/uploads\/2022\/07\/Face_001-500x149.jpg 500w\" sizes=\"auto, (max-width: 740px) 100vw, 740px\" \/><\/p>\n","protected":false},"excerpt":{"rendered":"<p>Em mar\u00e7o de 2020, o Campus iniciou a produ\u00e7\u00e3o de protetores faciais, os famosos face shields, muito utilizados pelos profissionais da \u00e1rea de sa\u00fade. O equipamento era essencial para os profissionais que estavam trabalhando diretamente na linha de frente de &hellip; <a href=\"https:\/\/enfrentamentocovid.crp.ufv.br\/?page_id=1264\">Leia mais<\/a><\/p>\n","protected":false},"author":1,"featured_media":0,"parent":0,"menu_order":3,"comment_status":"closed","ping_status":"closed","template":"","meta":{"footnotes":""},"class_list":["post-1264","page","type-page","status-publish","hentry"],"_links":{"self":[{"href":"https:\/\/enfrentamentocovid.crp.ufv.br\/index.php?rest_route=\/wp\/v2\/pages\/1264","targetHints":{"allow":["GET"]}}],"collection":[{"href":"https:\/\/enfrentamentocovid.crp.ufv.br\/index.php?rest_route=\/wp\/v2\/pages"}],"about":[{"href":"https:\/\/enfrentamentocovid.crp.ufv.br\/index.php?rest_route=\/wp\/v2\/types\/page"}],"author":[{"embeddable":true,"href":"https:\/\/enfrentamentocovid.crp.ufv.br\/index.php?rest_route=\/wp\/v2\/users\/1"}],"replies":[{"embeddable":true,"href":"https:\/\/enfrentamentocovid.crp.ufv.br\/index.php?rest_route=%2Fwp%2Fv2%2Fcomments&post=1264"}],"version-history":[{"count":23,"href":"https:\/\/enfrentamentocovid.crp.ufv.br\/index.php?rest_route=\/wp\/v2\/pages\/1264\/revisions"}],"predecessor-version":[{"id":1516,"href":"https:\/\/enfrentamentocovid.crp.ufv.br\/index.php?rest_route=\/wp\/v2\/pages\/1264\/revisions\/1516"}],"wp:attachment":[{"href":"https:\/\/enfrentamentocovid.crp.ufv.br\/index.php?rest_route=%2Fwp%2Fv2%2Fmedia&parent=1264"}],"curies":[{"name":"wp","href":"https:\/\/api.w.org\/{rel}","templated":true}]}}