{"id":1262,"date":"2022-06-15T13:46:32","date_gmt":"2022-06-15T16:46:32","guid":{"rendered":"https:\/\/enfrentamentocovid.crp.ufv.br\/?page_id=1262"},"modified":"2022-07-14T15:27:32","modified_gmt":"2022-07-14T18:27:32","slug":"menu01","status":"publish","type":"page","link":"https:\/\/enfrentamentocovid.crp.ufv.br\/?page_id=1262","title":{"rendered":"Hist\u00f3rico"},"content":{"rendered":"<p>O per\u00edodo acad\u00eamico no ano de 2020 come\u00e7ou de forma muito animada, com uma calorosa recep\u00e7\u00e3o aos estudantes e com a expectativa de um ano de muitos eventos e realiza\u00e7\u00f5es. Por\u00e9m, j\u00e1 pairava sobre a comunidade acad\u00eamica, a sombra do v\u00edrus da Covid-19 que come\u00e7ava a se disseminar de forma avassaladora pelo mundo afora.<\/p>\n<p>Apenas duas semanas ap\u00f3s o in\u00edcio do per\u00edodo letivo, depois de consultar integrantes do Conselho de Ensino Pesquisa e Extens\u00e3o \u2013 CEPE, o reitor Dem\u00e9trius David da Silva, emitiu o ATO N\u00b0 17\/2020\/CEPE, DE 14 de mar\u00e7o de 2020 suspendendo por tempo indeterminado, por meio de <i>ad referendum<\/i>, as aulas de todos os tr\u00eas <i>campi<\/i> da UFV e em todos os n\u00edveis de ensino (educa\u00e7\u00e3o infantil, ensino m\u00e9dio, ensino t\u00e9cnico, gradua\u00e7\u00e3o e p\u00f3s-gradua\u00e7\u00e3o), bem como as datas e prazos estabelecidos em seus respectivos calend\u00e1rios escolares do ano de 2020, a partir do dia 16 de mar\u00e7o de 2020. A medida teve como objetivo contribuir com as a\u00e7\u00f5es de preven\u00e7\u00e3o \u00e0 dissemina\u00e7\u00e3o do novo coronav\u00edrus, que \u00e0quela altura, j\u00e1 havia se tornado pandemia.<\/p>\n<p><img loading=\"lazy\" decoding=\"async\" class=\"wp-image-1452 size-full\" src=\"https:\/\/enfrentamentocovid.crp.ufv.br\/wp-content\/uploads\/2022\/06\/Recep\u00e7\u00e3o-Calouros-2020.jpg\" width=\"740\" height=\"220\" srcset=\"https:\/\/enfrentamentocovid.crp.ufv.br\/wp-content\/uploads\/2022\/06\/Recep\u00e7\u00e3o-Calouros-2020.jpg 740w, https:\/\/enfrentamentocovid.crp.ufv.br\/wp-content\/uploads\/2022\/06\/Recep\u00e7\u00e3o-Calouros-2020-300x89.jpg 300w, https:\/\/enfrentamentocovid.crp.ufv.br\/wp-content\/uploads\/2022\/06\/Recep\u00e7\u00e3o-Calouros-2020-500x149.jpg 500w\" sizes=\"auto, (max-width: 740px) 100vw, 740px\" \/><\/p>\n<p>De imediato, a maior preocupa\u00e7\u00e3o da UFV foi proporcionar aos seus estudantes um retorno seguro para suas casas. Para isso, foi disponibilizado transporte de Rio Parana\u00edba para v\u00e1rias cidades de Minas Gerais, Bahia e S\u00e3o Paulo, atendendo v\u00e1rios estudantes em vulnerabilidade socioecon\u00f4mica. J\u00e1 no dia 21 de mar\u00e7o de 2020, por meio da Portaria N\u00b0 0201\/2020 a UFV autorizou o trabalho remoto de todos os seus servidores. Come\u00e7ava a partir daquele momento, uma nova fase na UFV-Rio Parana\u00edba.<\/p>\n<p>Com os estudantes distantes do <i>Campus<\/i> e a maioria dos servidores realizando trabalho remoto, o <i>Campus<\/i> esvaziou-se de forma repentina e tomou ares de per\u00edodo de f\u00e9rias. Por\u00e9m, o momento era de grande apreens\u00e3o, pois, o cen\u00e1rio tornara-se totalmente incerto para o resto do ano. Os casos de pessoas contaminadas pela Covid-19 no pa\u00eds aumentavam a cada dia e muito pouco se sabia sobre a doen\u00e7a at\u00e9 aquele momento, o que aumentava ainda mais o temor de toda a sociedade.<\/p>\n<p>Entretanto, apesar do cen\u00e1rio de incertezas e apreens\u00f5es, o <i>Campus<\/i> come\u00e7ou a se mobilizar e v\u00e1rias iniciativas come\u00e7aram a surgir no sentido de ajudar a sociedade no enfrentamento\u00a0ao v\u00edrus que trazia tanto temor \u00e0s pessoas. Com essas iniciativas, o <i>Campus<\/i> tomou um rumo nem de longe imaginado no in\u00edcio de 2020.<\/p>\n<p><img loading=\"lazy\" decoding=\"async\" class=\"aligncenter size-full wp-image-1475\" src=\"https:\/\/enfrentamentocovid.crp.ufv.br\/wp-content\/uploads\/2022\/06\/iniciais.jpg\" alt=\"\" width=\"740\" height=\"110\" srcset=\"https:\/\/enfrentamentocovid.crp.ufv.br\/wp-content\/uploads\/2022\/06\/iniciais.jpg 740w, https:\/\/enfrentamentocovid.crp.ufv.br\/wp-content\/uploads\/2022\/06\/iniciais-300x45.jpg 300w, https:\/\/enfrentamentocovid.crp.ufv.br\/wp-content\/uploads\/2022\/06\/iniciais-500x74.jpg 500w\" sizes=\"auto, (max-width: 740px) 100vw, 740px\" \/><\/p>\n<p>Um momento muito importante na fase inicial das a\u00e7\u00f5es de enfrentamento \u00e0 Covid-19, foi a\u00a0proposta de montar no CRP, um Laborat\u00f3rio capaz de realizar os testes para detec\u00e7\u00e3o do SARS-COV-2, o v\u00edrus causador da COVID-19.\u00a0Ao mesmo tempo em que os desdobramentos para adequa\u00e7\u00e3o do Laborat\u00f3rio de Diagn\u00f3sticos Moleculares eram executados, outras a\u00e7\u00f5es de enfrentamento tamb\u00e9m ocorriam. Com as v\u00e1rias doa\u00e7\u00f5es que foram chegando em curto espa\u00e7o de tempo por meio da Funda\u00e7\u00e3o Arthur Bernardes, aumentaram a produ\u00e7\u00e3o do \u00e1lcool 70%, das m\u00e1scaras de tecido e dos protetores faciais.<\/p>\n<p>At\u00e9 que entraram em cena, os apoios financeiros vindos do Minist\u00e9rio P\u00fablico Federal e Minist\u00e9rio P\u00fablico do Trabalho de Patos de Minas, representados pela Procuradora Doutora Polyana Washington de Paiva Jeha e pelo Procurador Doutor Thiago Lopes de Castro, respectivamente, que demonstraram grande sensibilidade e confian\u00e7a ao apoiar as iniciativas que j\u00e1 estavam sendo realizadas no CRP, nos ajudando a somar for\u00e7as para ajudar a sociedade.<\/p>\n<p>Com os acordos firmados com o MPF e MPT, ao todo, a UFV-Rio Parana\u00edba assumiu o compromisso de envasar 12.000 litros de \u00e1lcool 70% glicerinado e n\u00e3o glicerinado, confeccionar 9.600 m\u00e1scaras de tecido, produzir 18.500 <em>face shields<\/em> e realizar 1800 testes RT-PCR, atendendo um total de 47 cidades localizadas nas Regi\u00f5es Noroeste de Minas, Alto Parana\u00edba e Tri\u00e2ngulo Mineiro.<\/p>\n<p><img loading=\"lazy\" decoding=\"async\" class=\"aligncenter size-full wp-image-1462\" src=\"https:\/\/enfrentamentocovid.crp.ufv.br\/wp-content\/uploads\/2022\/06\/Entregas.jpg\" alt=\"\" width=\"740\" height=\"220\" srcset=\"https:\/\/enfrentamentocovid.crp.ufv.br\/wp-content\/uploads\/2022\/06\/Entregas.jpg 740w, https:\/\/enfrentamentocovid.crp.ufv.br\/wp-content\/uploads\/2022\/06\/Entregas-300x89.jpg 300w, https:\/\/enfrentamentocovid.crp.ufv.br\/wp-content\/uploads\/2022\/06\/Entregas-500x149.jpg 500w\" sizes=\"auto, (max-width: 740px) 100vw, 740px\" \/><\/p>\n<p>Durante o per\u00edodo de pandemia causado pela Covid-19,\u00a0sobretudo nos primeiros seis meses da crise sanit\u00e1ria, o <em>Campus<\/em> passou por importantes adapta\u00e7\u00f5es e colocou toda sua estrutura \u00e0 disposi\u00e7\u00e3o da sociedade em um momento de grande sensibiliza\u00e7\u00e3o pelo qual todos passavam. Todos os acordos firmados com o MPF e MPT foram cumpridos e superados, e at\u00e9 o final daquele ano 2020, o <em>Campus<\/em> j\u00e1 havia produzido e distribu\u00eddo gratuitamente mais de 15.000 litros de \u00e1lcool 70%, mais de 12.000 m\u00e1scaras de tecido, havia superado a produ\u00e7\u00e3o combinada dos 18.500 face shields e realizado mais de 10.000 testes RT-PCR.<\/p>\n<p>Como contrapartida, ficaram para o <em>Campus<\/em> a aquisi\u00e7\u00e3o de alguns equipamentos e dois novos laborat\u00f3rios, inimagin\u00e1veis de serem conseguidos em t\u00e3o curto espa\u00e7o de tempo. Destaca-se tamb\u00e9m que, no in\u00edcio de 2021, tanto o MPF quanto o MPT emitiram despachos dando anu\u00eancia a todas as presta\u00e7\u00f5es de contas apresentadas pela Diretoria Geral e pela Funarbe, referente aos repasses feitos para o <em>Campus<\/em>.<\/p>\n<p><img loading=\"lazy\" decoding=\"async\" class=\"aligncenter size-full wp-image-1460\" src=\"https:\/\/enfrentamentocovid.crp.ufv.br\/wp-content\/uploads\/2022\/06\/Pessoas.jpg\" alt=\"\" width=\"740\" height=\"220\" srcset=\"https:\/\/enfrentamentocovid.crp.ufv.br\/wp-content\/uploads\/2022\/06\/Pessoas.jpg 740w, https:\/\/enfrentamentocovid.crp.ufv.br\/wp-content\/uploads\/2022\/06\/Pessoas-300x89.jpg 300w, https:\/\/enfrentamentocovid.crp.ufv.br\/wp-content\/uploads\/2022\/06\/Pessoas-500x149.jpg 500w\" sizes=\"auto, (max-width: 740px) 100vw, 740px\" \/><\/p>\n<p>As a\u00e7\u00f5es de enfrentamento realizadas pela UFV-Rio Parana\u00edba demonstraram claramente a grande import\u00e2ncia da presen\u00e7a da Universidade na regi\u00e3o do Alto Parana\u00edba. Isso s\u00f3 se tornou poss\u00edvel devido a todos os investimentos realizados no <em>Campus<\/em> ao longo dos seus 15 anos de exist\u00eancia, sobretudo, aos investimentos concernentes \u00e0 qualifica\u00e7\u00e3o de professores e t\u00e9cnicos, sempre atentos \u00e0s necessidades da sociedade.<\/p>\n<p>O apoio de v\u00e1rios integrantes da sociedade, seja pessoa f\u00edsica ou jur\u00eddica e da reitoria em Vi\u00e7osa, tamb\u00e9m permitiu potencializar as a\u00e7\u00f5es de modo que elas chegassem \u00e0 tantas cidades e pessoas, demonstrando claramente que, quando h\u00e1 uni\u00e3o em torno de uma causa, todos os desafios e limita\u00e7\u00f5es se apequenam com o somat\u00f3rio de for\u00e7as. Nesse sentido, o <em>Campus<\/em> da UFV de Rio Parana\u00edba sempre estar\u00e1 \u00e0 disposi\u00e7\u00e3o para ajudar a sociedade.<\/p>\n<p><img loading=\"lazy\" decoding=\"async\" class=\"aligncenter wp-image-1440 size-full\" src=\"https:\/\/enfrentamentocovid.crp.ufv.br\/wp-content\/uploads\/2022\/06\/Sem-nome-3240-\u00d7-1080-px-660-\u00d7-270-px-740-\u00d7-220-px-740-\u00d7-110-px-1.png\" width=\"740\" height=\"110\" srcset=\"https:\/\/enfrentamentocovid.crp.ufv.br\/wp-content\/uploads\/2022\/06\/Sem-nome-3240-\u00d7-1080-px-660-\u00d7-270-px-740-\u00d7-220-px-740-\u00d7-110-px-1.png 740w, https:\/\/enfrentamentocovid.crp.ufv.br\/wp-content\/uploads\/2022\/06\/Sem-nome-3240-\u00d7-1080-px-660-\u00d7-270-px-740-\u00d7-220-px-740-\u00d7-110-px-1-300x45.png 300w, https:\/\/enfrentamentocovid.crp.ufv.br\/wp-content\/uploads\/2022\/06\/Sem-nome-3240-\u00d7-1080-px-660-\u00d7-270-px-740-\u00d7-220-px-740-\u00d7-110-px-1-500x74.png 500w\" sizes=\"auto, (max-width: 740px) 100vw, 740px\" \/><\/p>\n<p><img loading=\"lazy\" decoding=\"async\" class=\"aligncenter size-full wp-image-1473\" src=\"https:\/\/enfrentamentocovid.crp.ufv.br\/wp-content\/uploads\/2022\/06\/lugares-3.jpg\" alt=\"\" width=\"740\" height=\"110\" srcset=\"https:\/\/enfrentamentocovid.crp.ufv.br\/wp-content\/uploads\/2022\/06\/lugares-3.jpg 740w, https:\/\/enfrentamentocovid.crp.ufv.br\/wp-content\/uploads\/2022\/06\/lugares-3-300x45.jpg 300w, https:\/\/enfrentamentocovid.crp.ufv.br\/wp-content\/uploads\/2022\/06\/lugares-3-500x74.jpg 500w\" sizes=\"auto, (max-width: 740px) 100vw, 740px\" \/><\/p>\n","protected":false},"excerpt":{"rendered":"<p>O per\u00edodo acad\u00eamico no ano de 2020 come\u00e7ou de forma muito animada, com uma calorosa recep\u00e7\u00e3o aos estudantes e com a expectativa de um ano de muitos eventos e realiza\u00e7\u00f5es. Por\u00e9m, j\u00e1 pairava sobre a comunidade acad\u00eamica, a sombra do &hellip; <a href=\"https:\/\/enfrentamentocovid.crp.ufv.br\/?page_id=1262\">Leia mais<\/a><\/p>\n","protected":false},"author":1,"featured_media":0,"parent":0,"menu_order":2,"comment_status":"closed","ping_status":"closed","template":"","meta":{"footnotes":""},"class_list":["post-1262","page","type-page","status-publish","hentry"],"_links":{"self":[{"href":"https:\/\/enfrentamentocovid.crp.ufv.br\/index.php?rest_route=\/wp\/v2\/pages\/1262","targetHints":{"allow":["GET"]}}],"collection":[{"href":"https:\/\/enfrentamentocovid.crp.ufv.br\/index.php?rest_route=\/wp\/v2\/pages"}],"about":[{"href":"https:\/\/enfrentamentocovid.crp.ufv.br\/index.php?rest_route=\/wp\/v2\/types\/page"}],"author":[{"embeddable":true,"href":"https:\/\/enfrentamentocovid.crp.ufv.br\/index.php?rest_route=\/wp\/v2\/users\/1"}],"replies":[{"embeddable":true,"href":"https:\/\/enfrentamentocovid.crp.ufv.br\/index.php?rest_route=%2Fwp%2Fv2%2Fcomments&post=1262"}],"version-history":[{"count":37,"href":"https:\/\/enfrentamentocovid.crp.ufv.br\/index.php?rest_route=\/wp\/v2\/pages\/1262\/revisions"}],"predecessor-version":[{"id":1522,"href":"https:\/\/enfrentamentocovid.crp.ufv.br\/index.php?rest_route=\/wp\/v2\/pages\/1262\/revisions\/1522"}],"wp:attachment":[{"href":"https:\/\/enfrentamentocovid.crp.ufv.br\/index.php?rest_route=%2Fwp%2Fv2%2Fmedia&parent=1262"}],"curies":[{"name":"wp","href":"https:\/\/api.w.org\/{rel}","templated":true}]}}